{"id":2,"date":"2022-08-18T14:53:31","date_gmt":"2022-08-18T12:53:31","guid":{"rendered":"https:\/\/www.vlat.cz\/?page_id=2"},"modified":"2022-09-07T15:42:01","modified_gmt":"2022-09-07T13:42:01","slug":"zkusebni-stranka","status":"publish","type":"page","link":"https:\/\/www.vlat.cz\/","title":{"rendered":"Vlat Holding s.r.o."},"content":{"rendered":"\t\t<div data-elementor-type=\"wp-page\" data-elementor-id=\"2\" class=\"elementor elementor-2\">\n\t\t\t\t\t\t<section class=\"elementor-section elementor-top-section elementor-element elementor-element-665e345 elementor-section-stretched elementor-section-boxed elementor-section-height-default elementor-section-height-default\" data-id=\"665e345\" data-element_type=\"section\" data-e-type=\"section\" data-settings=\"{&quot;stretch_section&quot;:&quot;section-stretched&quot;}\">\n\t\t\t\t\t\t<div class=\"elementor-container elementor-column-gap-default\">\n\t\t\t\t\t<div class=\"elementor-column elementor-col-100 elementor-top-column elementor-element elementor-element-98e5f8d\" data-id=\"98e5f8d\" data-element_type=\"column\" data-e-type=\"column\">\n\t\t\t<div class=\"elementor-widget-wrap elementor-element-populated\">\n\t\t\t\t\t\t<div class=\"elementor-element elementor-element-fd291fb elementor-invisible elementor-widget elementor-widget-testimonial\" data-id=\"fd291fb\" data-element_type=\"widget\" data-e-type=\"widget\" data-settings=\"{&quot;_animation&quot;:&quot;fadeIn&quot;}\" data-widget_type=\"testimonial.default\">\n\t\t\t\t<div class=\"elementor-widget-container\">\n\t\t\t\t\t\t\t<div class=\"elementor-testimonial-wrapper\">\n\t\t\t\t\t\t\t<div class=\"elementor-testimonial-content\">\u201eInvestov\u00e1n\u00ed je \u010dinnost, p\u0159i n\u00ed\u017e se vzd\u00e1v\u00e1me dne\u0161n\u00ed spot\u0159eby ve snaze umo\u017enit si v\u011bt\u0161\u00ed spot\u0159ebu v budoucnosti.\u201c <\/div>\n\t\t\t\n\t\t\t\t\t\t<div class=\"elementor-testimonial-meta\">\n\t\t\t\t<div class=\"elementor-testimonial-meta-inner\">\n\t\t\t\t\t\n\t\t\t\t\t\t\t\t\t\t<div class=\"elementor-testimonial-details\">\n\t\t\t\t\t\t\t\t\t\t\t\t\t\t<div class=\"elementor-testimonial-name\">Warren Buffett<\/div>\n\t\t\t\t\t\t\t\t\t\t\t\t\t\t\t\t\t\t\t<\/div>\n\t\t\t\t\t\t\t\t\t<\/div>\n\t\t\t<\/div>\n\t\t\t\t\t<\/div>\n\t\t\t\t\t\t<\/div>\n\t\t\t\t<\/div>\n\t\t\t\t\t<\/div>\n\t\t<\/div>\n\t\t\t\t\t<\/div>\n\t\t<\/section>\n\t\t\t\t<section class=\"elementor-section elementor-top-section elementor-element elementor-element-ed0ac54 elementor-section-stretched elementor-section-boxed elementor-section-height-default elementor-section-height-default\" data-id=\"ed0ac54\" data-element_type=\"section\" data-e-type=\"section\" data-settings=\"{&quot;stretch_section&quot;:&quot;section-stretched&quot;,&quot;background_background&quot;:&quot;gradient&quot;}\">\n\t\t\t\t\t\t<div class=\"elementor-container elementor-column-gap-default\">\n\t\t\t\t\t<div class=\"elementor-column elementor-col-100 elementor-top-column elementor-element elementor-element-5663c21\" data-id=\"5663c21\" data-element_type=\"column\" data-e-type=\"column\">\n\t\t\t<div class=\"elementor-widget-wrap elementor-element-populated\">\n\t\t\t\t\t\t<div class=\"elementor-element elementor-element-1d37662 elementor-widget elementor-widget-heading\" data-id=\"1d37662\" data-element_type=\"widget\" data-e-type=\"widget\" data-widget_type=\"heading.default\">\n\t\t\t\t<div class=\"elementor-widget-container\">\n\t\t\t\t\t<h2 class=\"elementor-heading-title elementor-size-default\">O spole\u010dnosti<\/h2>\t\t\t\t<\/div>\n\t\t\t\t<\/div>\n\t\t\t\t<div class=\"elementor-element elementor-element-5ed9f41 elementor-widget elementor-widget-text-editor\" data-id=\"5ed9f41\" data-element_type=\"widget\" data-e-type=\"widget\" data-widget_type=\"text-editor.default\">\n\t\t\t\t<div class=\"elementor-widget-container\">\n\t\t\t\t\t\t\t\t\t<p>VLAT Holding s.r.o. je investi\u010dn\u00ed skupinou rodinn\u00e9ho charakteru. Zast\u0159e\u0161uje podnik\u00e1n\u00ed a investice bratr\u016f Vlastimila a Tom\u00e1\u0161e \u010cejpov\u00fdch. N\u00e1pln\u00ed spole\u010dnosti je dlouhodob\u00fd rozvoj spravovan\u00e9ho majetku a vlastn\u011bn\u00fdch spole\u010dnost\u00ed s konzervativn\u00edm p\u0159\u00edstupem k riziku.<\/p>\t\t\t\t\t\t\t\t<\/div>\n\t\t\t\t<\/div>\n\t\t\t\t<div class=\"elementor-element elementor-element-68c019e elementor-widget elementor-widget-heading\" data-id=\"68c019e\" data-element_type=\"widget\" data-e-type=\"widget\" data-widget_type=\"heading.default\">\n\t\t\t\t<div class=\"elementor-widget-container\">\n\t\t\t\t\t<h2 class=\"elementor-heading-title elementor-size-default\">Kam investujeme<\/h2>\t\t\t\t<\/div>\n\t\t\t\t<\/div>\n\t\t\t\t<div class=\"elementor-element elementor-element-50fff0b elementor-widget elementor-widget-text-editor\" data-id=\"50fff0b\" data-element_type=\"widget\" data-e-type=\"widget\" data-widget_type=\"text-editor.default\">\n\t\t\t\t<div class=\"elementor-widget-container\">\n\t\t\t\t\t\t\t\t\t<p>Dr\u017e\u00edme v\u00a0pod\u00edly ve spole\u010dnostech, kde jsme st\u00e1li u jejich vzniku, ve spole\u010dnostech, i kde jsme z\u00edskali pod\u00edly akvizic\u00ed. V\u00fdnosy z\u00a0podnik\u00e1n\u00ed i z\u00a0prodeje na\u0161ich pod\u00edl\u016f, projekt\u016f nebo nemovitost\u00ed znovu investujeme do firem z\u00a0na\u0161eho portfolia i nov\u00fdch p\u0159\u00edle\u017eitost\u00ed. Nakupujeme kvalitn\u00ed aktiva jako akcie ve\u0159ejn\u011b obchodovateln\u00fdch spole\u010dnost\u00ed, pod\u00edlov\u00e9 fondy, dluhopisy nebo nemovitosti. U investi\u010dn\u00edch p\u0159\u00edle\u017eitost\u00ed hled\u00e1me v prvn\u00ed \u0159ad\u011b kombinaci atraktivn\u00edho v\u00fdnosu p\u0159i podstupov\u00e1n\u00ed limitovan\u00e9ho rizika. M\u00e1me dlouhodob\u00fd investi\u010dn\u00ed horizont, investujeme proto prim\u00e1rn\u011b do aktiv s trvale udr\u017eitelnou konkuren\u010dn\u00ed v\u00fdhodou.<\/p><p>Zam\u011b\u0159ujeme se na \u0159\u00edzen\u00ed rizik, na\u0161e portfolio diverzifikujeme a pracujeme jen s velmi konzervativn\u00ed m\u00edrou zadlu\u017een\u00ed. Podnik\u00e1me poctiv\u011b a transparentn\u011b.<\/p><p>Podporujeme dobr\u00e9 n\u00e1pady a startupy, zaj\u00edmaj\u00ed n\u00e1s obnoviteln\u00e9 zdroje a dal\u0161\u00ed projekty. Pokud m\u00e1te n\u00e1pad a hled\u00e1te investora, kontaktujete n\u00e1s.<\/p>\t\t\t\t\t\t\t\t<\/div>\n\t\t\t\t<\/div>\n\t\t\t\t\t<\/div>\n\t\t<\/div>\n\t\t\t\t\t<\/div>\n\t\t<\/section>\n\t\t\t\t<section class=\"elementor-section elementor-top-section elementor-element elementor-element-845b585 elementor-section-stretched elementor-section-boxed elementor-section-height-default elementor-section-height-default\" data-id=\"845b585\" data-element_type=\"section\" data-e-type=\"section\" data-settings=\"{&quot;stretch_section&quot;:&quot;section-stretched&quot;}\">\n\t\t\t\t\t\t<div class=\"elementor-container elementor-column-gap-default\">\n\t\t\t\t\t<div class=\"elementor-column elementor-col-100 elementor-top-column elementor-element elementor-element-a5be4ad\" data-id=\"a5be4ad\" data-element_type=\"column\" data-e-type=\"column\">\n\t\t\t<div class=\"elementor-widget-wrap elementor-element-populated\">\n\t\t\t\t\t\t<div class=\"elementor-element elementor-element-bddab83 elementor-widget elementor-widget-heading\" data-id=\"bddab83\" data-element_type=\"widget\" data-e-type=\"widget\" data-widget_type=\"heading.default\">\n\t\t\t\t<div class=\"elementor-widget-container\">\n\t\t\t\t\t<h2 class=\"elementor-heading-title elementor-size-default\">Na\u0161e vybran\u00e9 projekty<\/h2>\t\t\t\t<\/div>\n\t\t\t\t<\/div>\n\t\t\t\t\t<\/div>\n\t\t<\/div>\n\t\t\t\t\t<\/div>\n\t\t<\/section>\n\t\t\t\t<section class=\"elementor-section elementor-top-section elementor-element elementor-element-e50b439 elementor-section-stretched elementor-section-boxed elementor-section-height-default elementor-section-height-default\" data-id=\"e50b439\" data-element_type=\"section\" data-e-type=\"section\" data-settings=\"{&quot;stretch_section&quot;:&quot;section-stretched&quot;}\">\n\t\t\t\t\t\t<div class=\"elementor-container elementor-column-gap-default\">\n\t\t\t\t\t<div class=\"elementor-column elementor-col-33 elementor-top-column elementor-element elementor-element-97391c1\" data-id=\"97391c1\" data-element_type=\"column\" data-e-type=\"column\">\n\t\t\t<div class=\"elementor-widget-wrap elementor-element-populated\">\n\t\t\t\t\t\t<div class=\"elementor-element elementor-element-57be619 elementor-position-top elementor-widget elementor-widget-image-box\" data-id=\"57be619\" data-element_type=\"widget\" data-e-type=\"widget\" data-widget_type=\"image-box.default\">\n\t\t\t\t<div class=\"elementor-widget-container\">\n\t\t\t\t\t<div class=\"elementor-image-box-wrapper\"><figure class=\"elementor-image-box-img\"><a href=\"http:\/\/www.e-invent.eu\" target=\"_blank\" tabindex=\"-1\"><img decoding=\"async\" width=\"373\" height=\"118\" src=\"https:\/\/www.vlat.cz\/wp-content\/uploads\/2022\/08\/company-logo.37eb5d4.png\" class=\"attachment-full size-full wp-image-56\" alt=\"\" srcset=\"https:\/\/www.vlat.cz\/wp-content\/uploads\/2022\/08\/company-logo.37eb5d4.png 373w, https:\/\/www.vlat.cz\/wp-content\/uploads\/2022\/08\/company-logo.37eb5d4-300x95.png 300w\" sizes=\"(max-width: 373px) 100vw, 373px\" \/><\/a><\/figure><div class=\"elementor-image-box-content\"><h3 class=\"elementor-image-box-title\"><a href=\"http:\/\/www.e-invent.eu\" target=\"_blank\">e-invent <\/a><\/h3><p class=\"elementor-image-box-description\">\u010desk\u00e1 IT spole\u010dnost, kter\u00e1 vyv\u00edj\u00ed informa\u010dn\u00ed syst\u00e9my a zaji\u0161\u0165uje podporu provozu ICT (dce\u0159in\u00e9 spole\u010dnosti: e-support, NGI Service, DIGI Akademie, Can21, Proxima)<\/p><\/div><\/div>\t\t\t\t<\/div>\n\t\t\t\t<\/div>\n\t\t\t\t\t<\/div>\n\t\t<\/div>\n\t\t\t\t<div class=\"elementor-column elementor-col-33 elementor-top-column elementor-element elementor-element-37f03c8\" data-id=\"37f03c8\" data-element_type=\"column\" data-e-type=\"column\">\n\t\t\t<div class=\"elementor-widget-wrap elementor-element-populated\">\n\t\t\t\t\t\t<div class=\"elementor-element elementor-element-7082f9e elementor-position-top elementor-widget elementor-widget-image-box\" data-id=\"7082f9e\" data-element_type=\"widget\" data-e-type=\"widget\" data-widget_type=\"image-box.default\">\n\t\t\t\t<div class=\"elementor-widget-container\">\n\t\t\t\t\t<div class=\"elementor-image-box-wrapper\"><figure class=\"elementor-image-box-img\"><a href=\"http:\/\/www.fairict.cz\" target=\"_blank\" tabindex=\"-1\"><img fetchpriority=\"high\" decoding=\"async\" width=\"433\" height=\"156\" src=\"https:\/\/www.vlat.cz\/wp-content\/uploads\/2022\/09\/Fair-ICT-logo3.png\" class=\"attachment-medium_large size-medium_large wp-image-328\" alt=\"\" srcset=\"https:\/\/www.vlat.cz\/wp-content\/uploads\/2022\/09\/Fair-ICT-logo3.png 433w, https:\/\/www.vlat.cz\/wp-content\/uploads\/2022\/09\/Fair-ICT-logo3-300x108.png 300w\" sizes=\"(max-width: 433px) 100vw, 433px\" \/><\/a><\/figure><div class=\"elementor-image-box-content\"><h3 class=\"elementor-image-box-title\"><a href=\"http:\/\/www.fairict.cz\" target=\"_blank\">Fair ICT<\/a><\/h3><p class=\"elementor-image-box-description\">startup zab\u00fdvaj\u00edc\u00ed se rozpo\u010dtov\u00e1n\u00edm ICT projekt\u016f a \u00fasporami v ICT<\/p><\/div><\/div>\t\t\t\t<\/div>\n\t\t\t\t<\/div>\n\t\t\t\t\t<\/div>\n\t\t<\/div>\n\t\t\t\t<div class=\"elementor-column elementor-col-33 elementor-top-column elementor-element elementor-element-166397c\" data-id=\"166397c\" data-element_type=\"column\" data-e-type=\"column\">\n\t\t\t<div class=\"elementor-widget-wrap elementor-element-populated\">\n\t\t\t\t\t\t<div class=\"elementor-element elementor-element-9abc6dc elementor-position-top elementor-widget elementor-widget-image-box\" data-id=\"9abc6dc\" data-element_type=\"widget\" data-e-type=\"widget\" data-widget_type=\"image-box.default\">\n\t\t\t\t<div class=\"elementor-widget-container\">\n\t\t\t\t\t<div class=\"elementor-image-box-wrapper\"><figure class=\"elementor-image-box-img\"><a href=\"http:\/\/www.zsduhovysvet.cz\" target=\"_blank\" tabindex=\"-1\"><img decoding=\"async\" width=\"215\" height=\"120\" src=\"https:\/\/www.vlat.cz\/wp-content\/uploads\/2022\/08\/duha.png\" class=\"attachment-full size-full wp-image-62\" alt=\"\" \/><\/a><\/figure><div class=\"elementor-image-box-content\"><h3 class=\"elementor-image-box-title\"><a href=\"http:\/\/www.zsduhovysvet.cz\" target=\"_blank\">Z\u0160 a M\u0160 Duhov\u00fd sv\u011bt<\/a><\/h3><p class=\"elementor-image-box-description\"> Soukrom\u00e1 mate\u0159sk\u00e1 a z\u00e1kladn\u00ed \u0161kola na Kladn\u011b <\/p><\/div><\/div>\t\t\t\t<\/div>\n\t\t\t\t<\/div>\n\t\t\t\t\t<\/div>\n\t\t<\/div>\n\t\t\t\t\t<\/div>\n\t\t<\/section>\n\t\t\t\t<section class=\"elementor-section elementor-top-section elementor-element elementor-element-d358c07 elementor-section-stretched elementor-section-boxed elementor-section-height-default elementor-section-height-default\" data-id=\"d358c07\" data-element_type=\"section\" data-e-type=\"section\" data-settings=\"{&quot;stretch_section&quot;:&quot;section-stretched&quot;,&quot;background_background&quot;:&quot;gradient&quot;}\">\n\t\t\t\t\t\t<div class=\"elementor-container elementor-column-gap-default\">\n\t\t\t\t\t<div class=\"elementor-column elementor-col-100 elementor-top-column elementor-element elementor-element-9934927\" data-id=\"9934927\" data-element_type=\"column\" data-e-type=\"column\">\n\t\t\t<div class=\"elementor-widget-wrap elementor-element-populated\">\n\t\t\t\t\t\t<div class=\"elementor-element elementor-element-e4309db elementor-widget elementor-widget-testimonial\" data-id=\"e4309db\" data-element_type=\"widget\" data-e-type=\"widget\" data-widget_type=\"testimonial.default\">\n\t\t\t\t<div class=\"elementor-widget-container\">\n\t\t\t\t\t\t\t<div class=\"elementor-testimonial-wrapper\">\n\t\t\t\t\t\t\t<div class=\"elementor-testimonial-content\">\u201eDnes sed\u00ed n\u011bkdo ve st\u00ednu, proto\u017ee kdysi d\u00e1vno zasadil strom.\u201c - Warren Buffett<\/div>\n\t\t\t\n\t\t\t\t\t\t<div class=\"elementor-testimonial-meta\">\n\t\t\t\t<div class=\"elementor-testimonial-meta-inner\">\n\t\t\t\t\t\n\t\t\t\t\t\t\t\t\t\t<div class=\"elementor-testimonial-details\">\n\t\t\t\t\t\t\t\t\t\t\t\t\t\t<div class=\"elementor-testimonial-name\">Warren Buffert<\/div>\n\t\t\t\t\t\t\t\t\t\t\t\t\t\t\t\t\t\t\t<\/div>\n\t\t\t\t\t\t\t\t\t<\/div>\n\t\t\t<\/div>\n\t\t\t\t\t<\/div>\n\t\t\t\t\t\t<\/div>\n\t\t\t\t<\/div>\n\t\t\t\t\t<\/div>\n\t\t<\/div>\n\t\t\t\t\t<\/div>\n\t\t<\/section>\n\t\t\t\t<section class=\"elementor-section elementor-top-section elementor-element elementor-element-d314de5 elementor-section-stretched elementor-section-boxed elementor-section-height-default elementor-section-height-default\" data-id=\"d314de5\" data-element_type=\"section\" data-e-type=\"section\" data-settings=\"{&quot;stretch_section&quot;:&quot;section-stretched&quot;}\">\n\t\t\t\t\t\t<div class=\"elementor-container elementor-column-gap-default\">\n\t\t\t\t\t<div class=\"elementor-column elementor-col-100 elementor-top-column elementor-element elementor-element-39a6892\" data-id=\"39a6892\" data-element_type=\"column\" data-e-type=\"column\">\n\t\t\t<div class=\"elementor-widget-wrap elementor-element-populated\">\n\t\t\t\t\t\t<div class=\"elementor-element elementor-element-76ba579 elementor-widget elementor-widget-heading\" data-id=\"76ba579\" data-element_type=\"widget\" data-e-type=\"widget\" data-widget_type=\"heading.default\">\n\t\t\t\t<div class=\"elementor-widget-container\">\n\t\t\t\t\t<h2 class=\"elementor-heading-title elementor-size-default\">Kontakt<\/h2>\t\t\t\t<\/div>\n\t\t\t\t<\/div>\n\t\t\t\t\t<\/div>\n\t\t<\/div>\n\t\t\t\t\t<\/div>\n\t\t<\/section>\n\t\t\t\t<section class=\"elementor-section elementor-top-section elementor-element elementor-element-84819a3 elementor-section-stretched elementor-section-boxed elementor-section-height-default elementor-section-height-default\" data-id=\"84819a3\" data-element_type=\"section\" data-e-type=\"section\" data-settings=\"{&quot;stretch_section&quot;:&quot;section-stretched&quot;}\">\n\t\t\t\t\t\t<div class=\"elementor-container elementor-column-gap-default\">\n\t\t\t\t\t<div class=\"elementor-column elementor-col-50 elementor-top-column elementor-element elementor-element-b08b24e\" data-id=\"b08b24e\" data-element_type=\"column\" data-e-type=\"column\">\n\t\t\t<div class=\"elementor-widget-wrap elementor-element-populated\">\n\t\t\t\t\t\t<div class=\"elementor-element elementor-element-3cc1aa6 elementor-widget elementor-widget-text-editor\" data-id=\"3cc1aa6\" data-element_type=\"widget\" data-e-type=\"widget\" data-widget_type=\"text-editor.default\">\n\t\t\t\t<div class=\"elementor-widget-container\">\n\t\t\t\t\t\t\t\t\t<p><strong>VLAT Holding s.r.o.<\/strong> <strong><br \/><\/strong>Na Cihl\u00e1\u0159ce 30<br \/>150 00 Praha 5<br \/><a href=\"http:\/\/www.vlat.cz\">www.vlat.cz<\/a><\/p><p>I\u010c: 174 06 994<\/p><p>ID datov\u00e9 schr\u00e1nky: \u010d.\u00fa.: 2802286206\/2010<\/p><p>C 371259 veden\u00e1 u M\u011bstsk\u00e9ho soudu v Praze<\/p>\t\t\t\t\t\t\t\t<\/div>\n\t\t\t\t<\/div>\n\t\t\t\t\t<\/div>\n\t\t<\/div>\n\t\t\t\t<div class=\"elementor-column elementor-col-50 elementor-top-column elementor-element elementor-element-2a96c6b\" data-id=\"2a96c6b\" data-element_type=\"column\" data-e-type=\"column\">\n\t\t\t<div class=\"elementor-widget-wrap elementor-element-populated\">\n\t\t\t\t\t\t<div class=\"elementor-element elementor-element-d4ec1a1 elementor-widget elementor-widget-image\" data-id=\"d4ec1a1\" data-element_type=\"widget\" data-e-type=\"widget\" data-widget_type=\"image.default\">\n\t\t\t\t<div class=\"elementor-widget-container\">\n\t\t\t\t\t\t\t\t\t\t\t\t\t\t\t<img loading=\"lazy\" decoding=\"async\" width=\"640\" height=\"443\" src=\"https:\/\/www.vlat.cz\/wp-content\/uploads\/2022\/09\/Mapa-1024x709.jpg\" class=\"attachment-large size-large wp-image-358\" alt=\"\" srcset=\"https:\/\/www.vlat.cz\/wp-content\/uploads\/2022\/09\/Mapa-1024x709.jpg 1024w, https:\/\/www.vlat.cz\/wp-content\/uploads\/2022\/09\/Mapa-300x208.jpg 300w, https:\/\/www.vlat.cz\/wp-content\/uploads\/2022\/09\/Mapa-768x532.jpg 768w, https:\/\/www.vlat.cz\/wp-content\/uploads\/2022\/09\/Mapa-850x588.jpg 850w, https:\/\/www.vlat.cz\/wp-content\/uploads\/2022\/09\/Mapa.jpg 1199w\" sizes=\"(max-width: 640px) 100vw, 640px\" \/>\t\t\t\t\t\t\t\t\t\t\t\t\t\t\t<\/div>\n\t\t\t\t<\/div>\n\t\t\t\t\t<\/div>\n\t\t<\/div>\n\t\t\t\t\t<\/div>\n\t\t<\/section>\n\t\t\t\t<\/div>\n\t\t","protected":false},"excerpt":{"rendered":"<p>\u201eInvestov\u00e1n\u00ed je \u010dinnost, p\u0159i n\u00ed\u017e se vzd\u00e1v\u00e1me dne\u0161n\u00ed spot\u0159eby ve snaze umo\u017enit si v\u011bt\u0161\u00ed spot\u0159ebu v budoucnosti.\u201c Warren Buffett O spole\u010dnosti VLAT Holding s.r.o. je investi\u010dn\u00ed skupinou rodinn\u00e9ho charakteru. Zast\u0159e\u0161uje podnik\u00e1n\u00ed a investice bratr\u016f Vlastimila a Tom\u00e1\u0161e \u010cejpov\u00fdch. N\u00e1pln\u00ed spole\u010dnosti je dlouhodob\u00fd rozvoj spravovan\u00e9ho majetku a vlastn\u011bn\u00fdch spole\u010dnost\u00ed s konzervativn\u00edm p\u0159\u00edstupem k riziku. Kam investujeme&#8230;<\/p>\n","protected":false},"author":1,"featured_media":0,"parent":0,"menu_order":0,"comment_status":"closed","ping_status":"closed","template":"","meta":{"footnotes":""},"class_list":["post-2","page","type-page","status-publish","hentry"],"_links":{"self":[{"href":"https:\/\/www.vlat.cz\/index.php\/wp-json\/wp\/v2\/pages\/2","targetHints":{"allow":["GET"]}}],"collection":[{"href":"https:\/\/www.vlat.cz\/index.php\/wp-json\/wp\/v2\/pages"}],"about":[{"href":"https:\/\/www.vlat.cz\/index.php\/wp-json\/wp\/v2\/types\/page"}],"author":[{"embeddable":true,"href":"https:\/\/www.vlat.cz\/index.php\/wp-json\/wp\/v2\/users\/1"}],"replies":[{"embeddable":true,"href":"https:\/\/www.vlat.cz\/index.php\/wp-json\/wp\/v2\/comments?post=2"}],"version-history":[{"count":211,"href":"https:\/\/www.vlat.cz\/index.php\/wp-json\/wp\/v2\/pages\/2\/revisions"}],"predecessor-version":[{"id":413,"href":"https:\/\/www.vlat.cz\/index.php\/wp-json\/wp\/v2\/pages\/2\/revisions\/413"}],"wp:attachment":[{"href":"https:\/\/www.vlat.cz\/index.php\/wp-json\/wp\/v2\/media?parent=2"}],"curies":[{"name":"wp","href":"https:\/\/api.w.org\/{rel}","templated":true}]}}